{"id":298,"date":"2019-11-01T03:21:54","date_gmt":"2019-11-01T06:21:54","guid":{"rendered":"https:\/\/fargosi.com.ar\/?page_id=298"},"modified":"2024-11-01T10:20:49","modified_gmt":"2024-11-01T13:20:49","slug":"yael-jeifetz","status":"publish","type":"page","link":"https:\/\/fargosi.com.ar\/en\/yael-jeifetz\/","title":{"rendered":"YAEL JEIFETZ"},"content":{"rendered":"<p>[et_pb_section fb_built=\u00bb1&#8243; admin_label=\u00bbProject Analysis Section\u00bb _builder_version=\u00bb3.22&#8243; min_height=\u00bb1670px\u00bb custom_padding=\u00bb90px||90px|\u00bb][et_pb_row column_structure=\u00bb1_4,3_4&#8243; admin_label=\u00bbProject Analysis Area\u00bb _builder_version=\u00bb3.25&#8243; width=\u00bb88.5%\u00bb min_height=\u00bb452px\u00bb custom_margin=\u00bb-81px|auto|-126px|auto||\u00bb custom_padding=\u00bb60px|0px|111px|0px||\u00bb border_color_all=\u00bbrgba(51,51,51,0.12)\u00bb border_width_top=\u00bb1px\u00bb][et_pb_column type=\u00bb1_4&#8243; _builder_version=\u00bb3.25&#8243; custom_padding=\u00bb|||\u00bb custom_padding__hover=\u00bb|||\u00bb][et_pb_text admin_label=\u00bbTitle\u00bb _builder_version=\u00bb4.7.7&#8243; text_font=\u00bb||||||||\u00bb header_font=\u00bb||||||||\u00bb header_3_font=\u00bbRoboto Slab||||||||\u00bb header_3_line_height=\u00bb2em\u00bb transform_translate=\u00bb0px|-44px\u00bb max_width=\u00bb307px\u00bb min_height=\u00bb299px\u00bb custom_margin=\u00bb|-46px||||\u00bb animation_style=\u00bbfold\u00bb animation_direction=\u00bbleft\u00bb animation_intensity_fold=\u00bb5%\u00bb]<\/p>\n<p><a href=\"https:\/\/fargosi.com.ar\/wp-content\/uploads\/2020\/05\/yjeifetz.jpg\"><img loading=\"lazy\" decoding=\"async\" src=\"https:\/\/fargosi.com.ar\/wp-content\/uploads\/2020\/05\/yjeifetz-225x300.jpg\" width=\"225\" height=\"300\" alt=\"\" class=\"wp-image-772 alignnone size-medium\" srcset=\"https:\/\/fargosi.com.ar\/wp-content\/uploads\/2020\/05\/yjeifetz-225x300.jpg 225w, https:\/\/fargosi.com.ar\/wp-content\/uploads\/2020\/05\/yjeifetz.jpg 435w\" sizes=\"auto, (max-width: 225px) 100vw, 225px\" \/><\/a><\/p>\n<p>[\/et_pb_text][\/et_pb_column][et_pb_column type=\u00bb3_4&#8243; _builder_version=\u00bb3.25&#8243; custom_padding=\u00bb|||\u00bb custom_padding__hover=\u00bb|||\u00bb][et_pb_text _builder_version=\u00bb4.0.2&#8243; text_font=\u00bb||||||||\u00bb text_font_size=\u00bb16px\u00bb text_line_height=\u00bb1.5em\u00bb width=\u00bb91.9%\u00bb min_height=\u00bb211px\u00bb custom_margin=\u00bb|-67px||-2px||\u00bb custom_padding=\u00bb|0px||120px||\u00bb animation_style=\u00bbfade\u00bb]<\/p>\n<h2><strong><\/strong><\/h2>\n<h2><strong><\/strong><\/h2>\n<h2><strong><\/strong><\/h2>\n<h2><strong><\/strong><\/h2>\n<h2><strong><\/strong><\/h2>\n<h2><strong><\/strong><\/h2>\n<h2><strong><\/strong><\/h2>\n<h2><strong><\/strong><\/h2>\n<h2><strong><\/strong><\/h2>\n<h2><strong><\/strong><\/h2>\n<h2><strong><\/strong><\/h2>\n<h2><strong><\/strong><\/h2>\n<h2><strong><\/strong><\/h2>\n<h2><b>YAEL JEIFETZ<\/b><\/h2>\n<p><strong>Email:<\/strong>\u00a0yjeifetz@fargosi.com.ar<\/p>\n<p><strong>Tel.:<\/strong> +54 11 5217 6181<\/p>\n<p>&nbsp;<\/p>\n<p>[\/et_pb_text][\/et_pb_column][\/et_pb_row][et_pb_row column_structure=\u00bb1_4,3_4&#8243; admin_label=\u00bbOur Process Area\u00bb _builder_version=\u00bb3.25&#8243; min_height=\u00bb124px\u00bb custom_padding=\u00bb14px|0px|60px|0px||\u00bb border_color_all=\u00bbrgba(51,51,51,0.12)\u00bb border_width_top=\u00bb1px\u00bb][et_pb_column type=\u00bb1_4&#8243; _builder_version=\u00bb3.25&#8243; custom_padding=\u00bb|||\u00bb custom_padding__hover=\u00bb|||\u00bb][et_pb_text admin_label=\u00bbTitle\u00bb _builder_version=\u00bb4.0.2&#8243; text_font=\u00bb||||||||\u00bb header_font=\u00bb||||||||\u00bb header_3_font=\u00bbRoboto Slab||||||||\u00bb header_3_line_height=\u00bb2em\u00bb animation_style=\u00bbfold\u00bb animation_direction=\u00bbleft\u00bb animation_intensity_fold=\u00bb5%\u00bb]<\/p>\n<h3>Perfil<\/h3>\n<p>[\/et_pb_text][\/et_pb_column][et_pb_column type=\u00bb3_4&#8243; _builder_version=\u00bb3.25&#8243; custom_padding=\u00bb|||\u00bb custom_padding__hover=\u00bb|||\u00bb][et_pb_blurb icon_placement=\u00bbleft\u00bb content_max_width=\u00bb800px\u00bb _builder_version=\u00bb4.7.7&#8243; header_font=\u00bb||||||||\u00bb header_font_size=\u00bb16px\u00bb header_line_height=\u00bb2em\u00bb body_font=\u00bb||||||||\u00bb min_height=\u00bb160px\u00bb custom_margin=\u00bb||0px|\u00bb custom_padding=\u00bb8px|||||\u00bb animation_style=\u00bbfade\u00bb]<\/p>\n<h4 style=\"text-align: justify;\"><span>Yael se especializa en litigios, ocup\u00e1ndose de todas las instancias del proceso, desde la negociaci\u00f3n inicial, instancia de mediaci\u00f3n prejudicial, hasta la etapa de ejecuci\u00f3n de sentencias. Ha trabajado tanto en el sector privado (\u00e1rea legales de empresas y estudios jur\u00eddicos) como en el Poder Judicial.<\/span><\/h4>\n<p>[\/et_pb_blurb][\/et_pb_column][\/et_pb_row][et_pb_row column_structure=\u00bb1_4,3_4&#8243; admin_label=\u00bbOur Process Area\u00bb _builder_version=\u00bb3.25&#8243; custom_padding=\u00bb60px|0px|60px|0px\u00bb border_color_all=\u00bbrgba(51,51,51,0.12)\u00bb border_width_top=\u00bb1px\u00bb][et_pb_column type=\u00bb1_4&#8243; _builder_version=\u00bb3.25&#8243; custom_padding=\u00bb|||\u00bb custom_padding__hover=\u00bb|||\u00bb][et_pb_text admin_label=\u00bbTitle\u00bb _builder_version=\u00bb4.0.2&#8243; text_font=\u00bb||||||||\u00bb header_font=\u00bb||||||||\u00bb header_3_font=\u00bbRoboto Slab||||||||\u00bb header_3_line_height=\u00bb2em\u00bb animation_style=\u00bbfold\u00bb animation_direction=\u00bbleft\u00bb animation_intensity_fold=\u00bb5%\u00bb]<\/p>\n<h3>Areas de Pr\u00e1ctica<\/h3>\n<p>[\/et_pb_text][\/et_pb_column][et_pb_column type=\u00bb3_4&#8243; _builder_version=\u00bb3.25&#8243; custom_padding=\u00bb|||\u00bb custom_padding__hover=\u00bb|||\u00bb][et_pb_blurb title=\u00bbLitigios y Disputas.\u00bb use_icon=\u00bbon\u00bb font_icon=\u00bb%%54%%\u00bb icon_placement=\u00bbleft\u00bb content_max_width=\u00bb800px\u00bb use_icon_font_size=\u00bbon\u00bb icon_font_size=\u00bb32px\u00bb _builder_version=\u00bb4.0.2&#8243; header_font=\u00bb||||||||\u00bb header_font_size=\u00bb16px\u00bb header_line_height=\u00bb2em\u00bb body_font=\u00bb||||||||\u00bb min_height=\u00bb40px\u00bb custom_margin=\u00bb||0px|\u00bb custom_padding=\u00bb0px|||||\u00bb animation_style=\u00bbfade\u00bb]<\/p>\n<h4><\/h4>\n<p>[\/et_pb_blurb][et_pb_blurb title=\u00bbDerecho Corporativo y Comercial.\u00bb use_icon=\u00bbon\u00bb font_icon=\u00bb%%54%%\u00bb icon_color=\u00bb#7ebec5&#8243; icon_placement=\u00bbleft\u00bb content_max_width=\u00bb800px\u00bb use_icon_font_size=\u00bbon\u00bb icon_font_size=\u00bb32px\u00bb _builder_version=\u00bb4.0.2&#8243; header_font=\u00bb||||||||\u00bb header_font_size=\u00bb16px\u00bb header_line_height=\u00bb2em\u00bb body_font=\u00bb||||||||\u00bb custom_margin=\u00bb||0px|\u00bb custom_padding=\u00bb|||\u00bb animation_style=\u00bbfade\u00bb]<\/p>\n<h4><\/h4>\n<p>[\/et_pb_blurb][et_pb_blurb title=\u00bbEstructuraci\u00f3n Legal de Patrimonio Familiar.\u00bb use_icon=\u00bbon\u00bb font_icon=\u00bb%%54%%\u00bb icon_color=\u00bb#7ebec5&#8243; icon_placement=\u00bbleft\u00bb content_max_width=\u00bb800px\u00bb use_icon_font_size=\u00bbon\u00bb icon_font_size=\u00bb32px\u00bb _builder_version=\u00bb4.0.2&#8243; header_font=\u00bb||||||||\u00bb header_font_size=\u00bb16px\u00bb header_line_height=\u00bb2em\u00bb body_font=\u00bb||||||||\u00bb custom_margin=\u00bb||0px|\u00bb custom_padding=\u00bb|||\u00bb animation_style=\u00bbfade\u00bb]<\/p>\n<h4><\/h4>\n<p>[\/et_pb_blurb][\/et_pb_column][\/et_pb_row][et_pb_row column_structure=\u00bb1_4,3_4&#8243; admin_label=\u00bbOur Process Area\u00bb _builder_version=\u00bb3.25&#8243; custom_padding=\u00bb60px|0px|60px|0px\u00bb border_color_all=\u00bbrgba(51,51,51,0.12)\u00bb border_width_top=\u00bb1px\u00bb][et_pb_column type=\u00bb1_4&#8243; _builder_version=\u00bb3.25&#8243; custom_padding=\u00bb|||\u00bb custom_padding__hover=\u00bb|||\u00bb][et_pb_text admin_label=\u00bbTitle\u00bb _builder_version=\u00bb4.0.2&#8243; text_font=\u00bb||||||||\u00bb header_font=\u00bb||||||||\u00bb header_3_font=\u00bbRoboto Slab||||||||\u00bb header_3_line_height=\u00bb2em\u00bb width=\u00bb100%\u00bb custom_padding=\u00bb|0px||||\u00bb animation_style=\u00bbfold\u00bb animation_direction=\u00bbleft\u00bb animation_intensity_fold=\u00bb5%\u00bb]<\/p>\n<h3>Experiencia Profesional<\/h3>\n<p>[\/et_pb_text][\/et_pb_column][et_pb_column type=\u00bb3_4&#8243; _builder_version=\u00bb3.25&#8243; custom_padding=\u00bb|||\u00bb custom_padding__hover=\u00bb|||\u00bb][et_pb_blurb use_icon=\u00bbon\u00bb font_icon=\u00bb%%54%%\u00bb icon_placement=\u00bbleft\u00bb content_max_width=\u00bb800px\u00bb _builder_version=\u00bb4.0.2&#8243; header_font=\u00bb||||||||\u00bb header_font_size=\u00bb16px\u00bb header_line_height=\u00bb2em\u00bb body_font=\u00bb||||||||\u00bb min_height=\u00bb206px\u00bb custom_margin=\u00bb||0px|\u00bb custom_padding=\u00bb0px|||0px||\u00bb animation_style=\u00bbfade\u00bb]<\/p>\n<h4>Argos Compa\u00f1\u00eda de Seguros Generales S.A.<\/h4>\n<h4>Estudio externo del Banco de la Ciudad de Buenos Aires.<\/h4>\n<h4>Juzgado Nacional de Primera Instancia en lo Comercial N\u00b0 4 Secretar\u00eda N\u00b0 8.<\/h4>\n<p>[\/et_pb_blurb][\/et_pb_column][\/et_pb_row][et_pb_row column_structure=\u00bb1_4,3_4&#8243; admin_label=\u00bbOur Process Area\u00bb _builder_version=\u00bb3.25&#8243; min_height=\u00bb209px\u00bb custom_padding=\u00bb60px|0px|60px|0px\u00bb border_color_all=\u00bbrgba(51,51,51,0.12)\u00bb border_width_top=\u00bb1px\u00bb][et_pb_column type=\u00bb1_4&#8243; _builder_version=\u00bb3.25&#8243; custom_padding=\u00bb|||\u00bb custom_padding__hover=\u00bb|||\u00bb][et_pb_text admin_label=\u00bbTitle\u00bb _builder_version=\u00bb4.0.2&#8243; text_font=\u00bb||||||||\u00bb header_font=\u00bb||||||||\u00bb header_3_font=\u00bbRoboto Slab||||||||\u00bb header_3_line_height=\u00bb2em\u00bb width=\u00bb100%\u00bb custom_padding=\u00bb|0px||||\u00bb animation_style=\u00bbfold\u00bb animation_direction=\u00bbleft\u00bb animation_intensity_fold=\u00bb5%\u00bb]<\/p>\n<h3>Formaci\u00f3n<\/h3>\n<p>[\/et_pb_text][\/et_pb_column][et_pb_column type=\u00bb3_4&#8243; _builder_version=\u00bb3.25&#8243; custom_padding=\u00bb|||\u00bb custom_padding__hover=\u00bb|||\u00bb][et_pb_blurb use_icon=\u00bbon\u00bb font_icon=\u00bb%%54%%\u00bb icon_placement=\u00bbleft\u00bb content_max_width=\u00bb800px\u00bb _builder_version=\u00bb4.0.2&#8243; header_font=\u00bb||||||||\u00bb header_font_size=\u00bb16px\u00bb header_line_height=\u00bb2em\u00bb body_font=\u00bb||||||||\u00bb min_height=\u00bb206px\u00bb custom_margin=\u00bb||0px|\u00bb custom_padding=\u00bb0px|||0px||\u00bb animation_style=\u00bbfade\u00bb]<\/p>\n<h4>Universidad De Buenos Aires, Abogada.<\/h4>\n<h4><span style=\"font-size: 16px;\">Idiomas: Espa\u00f1ol e Ingl\u00e9s.<\/span><\/h4>\n<p>[\/et_pb_blurb][\/et_pb_column][\/et_pb_row][\/et_pb_section][et_pb_section fb_built=\u00bb1&#8243; inner_shadow=\u00bbon\u00bb admin_label=\u00bbClient Feedback Section\u00bb _builder_version=\u00bb4.7.7&#8243; use_background_color_gradient=\u00bbon\u00bb background_color_gradient_start=\u00bb#ffffff\u00bb background_color_gradient_end=\u00bb#5a86a8&#8243; background_color_gradient_type=\u00bbradial\u00bb background_color_gradient_direction_radial=\u00bbtop left\u00bb background_color_gradient_start_position=\u00bb47%\u00bb min_height=\u00bb130px\u00bb height=\u00bb148px\u00bb custom_margin=\u00bb15px||36px||false|false\u00bb custom_padding=\u00bb0px||160px||false|false\u00bb saved_tabs=\u00bball\u00bb][et_pb_row column_structure=\u00bb1_3,1_3,1_3&#8243; _builder_version=\u00bb4.0.2&#8243; width=\u00bb83.3%\u00bb min_height=\u00bb82px\u00bb custom_margin=\u00bb2px|auto||auto||\u00bb][et_pb_column type=\u00bb1_3&#8243; _builder_version=\u00bb4.0.2&#8243; background_enable_image=\u00bboff\u00bb background_size=\u00bbinitial\u00bb background_position=\u00bbcenter_left\u00bb][et_pb_image src=\u00bbhttps:\/\/fargosi.com.ar\/wp-content\/uploads\/2021\/12\/LOGO..jpg\u00bb title_text=\u00bbLOGO.\u00bb _builder_version=\u00bb4.7.7&#8243; custom_margin=\u00bb|118px||||\u00bb][\/et_pb_image][\/et_pb_column][et_pb_column type=\u00bb1_3&#8243; _builder_version=\u00bb4.0.2&#8243;][et_pb_text _builder_version=\u00bb4.7.7&#8243; text_font=\u00bb|700|||||||\u00bb text_line_height=\u00bb0.5em\u00bb link_option_url=\u00bbhttps:\/\/www.google.com.ar\/maps\/place\/Carabelas+344,+C1035+CABA\/@-34.6046155,-58.3826274,17z\/data=!3m1!4b1!4m5!3m4!1s0x95bccacf007d066f:0x27fc7d1d6516a6f7!8m2!3d-34.6046199!4d-58.3804387&#8243; link_option_url_new_window=\u00bbon\u00bb]<\/p>\n<p>Suipacha 1111, 27\u00b0<\/p>\n<p>C1008AAD<\/p>\n<p>Ciudad de Buenos Aires<\/p>\n<p>Argentina<\/p>\n<p>TeL. 54 11 7700 0029<\/p>\n<p><a href=\"mailto:estudio@fargosi.com.ar\">estudio@fargosi.com.ar<\/a><\/p>\n<p>[\/et_pb_text][\/et_pb_column][et_pb_column type=\u00bb1_3&#8243; _builder_version=\u00bb4.0.2&#8243;][\/et_pb_column][\/et_pb_row][\/et_pb_section]<\/p>\n","protected":false},"excerpt":{"rendered":"<p>[et_pb_section fb_built=\u00bb1&#8243; admin_label=\u00bbProject Analysis Section\u00bb _builder_version=\u00bb3.22&#8243; min_height=\u00bb1670px\u00bb custom_padding=\u00bb90px||90px|\u00bb][et_pb_row column_structure=\u00bb1_4,3_4&#8243; admin_label=\u00bbProject Analysis Area\u00bb _builder_version=\u00bb3.25&#8243; width=\u00bb88.5%\u00bb min_height=\u00bb452px\u00bb custom_margin=\u00bb-81px|auto|-126px|auto||\u00bb custom_padding=\u00bb60px|0px|111px|0px||\u00bb border_color_all=\u00bbrgba(51,51,51,0.12)\u00bb border_width_top=\u00bb1px\u00bb][et_pb_column type=\u00bb1_4&#8243; _builder_version=\u00bb3.25&#8243; custom_padding=\u00bb|||\u00bb custom_padding__hover=\u00bb|||\u00bb][et_pb_text admin_label=\u00bbTitle\u00bb _builder_version=\u00bb4.7.7&#8243; text_font=\u00bb||||||||\u00bb header_font=\u00bb||||||||\u00bb header_3_font=\u00bbRoboto Slab||||||||\u00bb header_3_line_height=\u00bb2em\u00bb transform_translate=\u00bb0px|-44px\u00bb max_width=\u00bb307px\u00bb min_height=\u00bb299px\u00bb custom_margin=\u00bb|-46px||||\u00bb animation_style=\u00bbfold\u00bb animation_direction=\u00bbleft\u00bb animation_intensity_fold=\u00bb5%\u00bb] [\/et_pb_text][\/et_pb_column][et_pb_column type=\u00bb3_4&#8243; _builder_version=\u00bb3.25&#8243; custom_padding=\u00bb|||\u00bb custom_padding__hover=\u00bb|||\u00bb][et_pb_text _builder_version=\u00bb4.0.2&#8243; text_font=\u00bb||||||||\u00bb text_font_size=\u00bb16px\u00bb text_line_height=\u00bb1.5em\u00bb width=\u00bb91.9%\u00bb min_height=\u00bb211px\u00bb custom_margin=\u00bb|-67px||-2px||\u00bb custom_padding=\u00bb|0px||120px||\u00bb animation_style=\u00bbfade\u00bb] YAEL JEIFETZ Email:\u00a0yjeifetz@fargosi.com.ar Tel.: [&hellip;]<\/p>\n","protected":false},"author":5,"featured_media":0,"parent":0,"menu_order":0,"comment_status":"closed","ping_status":"closed","template":"","meta":{"_et_pb_use_builder":"on","_et_pb_old_content":"<!-- wp:divi\/placeholder \/-->","_et_gb_content_width":"","footnotes":""},"class_list":["post-298","page","type-page","status-publish","hentry"],"_links":{"self":[{"href":"https:\/\/fargosi.com.ar\/en\/wp-json\/wp\/v2\/pages\/298","targetHints":{"allow":["GET"]}}],"collection":[{"href":"https:\/\/fargosi.com.ar\/en\/wp-json\/wp\/v2\/pages"}],"about":[{"href":"https:\/\/fargosi.com.ar\/en\/wp-json\/wp\/v2\/types\/page"}],"author":[{"embeddable":true,"href":"https:\/\/fargosi.com.ar\/en\/wp-json\/wp\/v2\/users\/5"}],"replies":[{"embeddable":true,"href":"https:\/\/fargosi.com.ar\/en\/wp-json\/wp\/v2\/comments?post=298"}],"version-history":[{"count":2,"href":"https:\/\/fargosi.com.ar\/en\/wp-json\/wp\/v2\/pages\/298\/revisions"}],"predecessor-version":[{"id":2885,"href":"https:\/\/fargosi.com.ar\/en\/wp-json\/wp\/v2\/pages\/298\/revisions\/2885"}],"wp:attachment":[{"href":"https:\/\/fargosi.com.ar\/en\/wp-json\/wp\/v2\/media?parent=298"}],"curies":[{"name":"wp","href":"https:\/\/api.w.org\/{rel}","templated":true}]}}