{"id":2014,"date":"2022-05-24T13:43:23","date_gmt":"2022-05-24T16:43:23","guid":{"rendered":"https:\/\/fargosi.com.ar\/?page_id=2014"},"modified":"2024-11-01T10:23:35","modified_gmt":"2024-11-01T13:23:35","slug":"eugenia-zunino","status":"publish","type":"page","link":"https:\/\/fargosi.com.ar\/en\/eugenia-zunino\/","title":{"rendered":"EUGENIA ZUNINO"},"content":{"rendered":"<p>[et_pb_section fb_built=\u00bb1&#8243; admin_label=\u00bbProject Analysis Section\u00bb _builder_version=\u00bb3.22&#8243; min_height=\u00bb1670px\u00bb custom_padding=\u00bb90px||90px|\u00bb][et_pb_row column_structure=\u00bb1_4,3_4&#8243; admin_label=\u00bbProject Analysis Area\u00bb _builder_version=\u00bb3.25&#8243; width=\u00bb88.5%\u00bb min_height=\u00bb452px\u00bb custom_margin=\u00bb-79px|auto|-126px|auto||\u00bb custom_padding=\u00bb60px|0px|111px|0px||\u00bb border_color_all=\u00bbrgba(51,51,51,0.12)\u00bb border_width_top=\u00bb1px\u00bb][et_pb_column type=\u00bb1_4&#8243; _builder_version=\u00bb3.25&#8243; custom_padding=\u00bb|||\u00bb custom_padding__hover=\u00bb|||\u00bb][et_pb_image src=\u00bbhttps:\/\/fargosi.com.ar\/wp-content\/uploads\/2022\/05\/EUGENIA-PAGINA.jpg\u00bb title_text=\u00bbEUGENIA PAGINA\u00bb _builder_version=\u00bb4.7.7&#8243; _module_preset=\u00bbdefault\u00bb transform_translate=\u00bb84px|-12px\u00bb border_radii=\u00bbon|27px|27px|27px|27px\u00bb][\/et_pb_image][\/et_pb_column][et_pb_column type=\u00bb3_4&#8243; _builder_version=\u00bb3.25&#8243; custom_padding=\u00bb|||\u00bb custom_padding__hover=\u00bb|||\u00bb][et_pb_text _builder_version=\u00bb4.0.2&#8243; text_font=\u00bb||||||||\u00bb text_font_size=\u00bb16px\u00bb text_line_height=\u00bb1.5em\u00bb width=\u00bb91.9%\u00bb min_height=\u00bb211px\u00bb custom_margin=\u00bb|-67px|24px|-2px||\u00bb custom_padding=\u00bb|0px||80px||\u00bb animation_style=\u00bbfade\u00bb]<\/p>\n<h2><strong><\/strong><\/h2>\n<h2><strong><\/strong><\/h2>\n<h2><strong><\/strong><\/h2>\n<h2><strong><\/strong><\/h2>\n<h2><strong><\/strong><\/h2>\n<h2><strong><\/strong><\/h2>\n<h2><strong><\/strong><\/h2>\n<h2><strong><\/strong><\/h2>\n<h2><strong><\/strong><\/h2>\n<h2><strong><\/strong><\/h2>\n<h2><strong><\/strong><\/h2>\n<h2><strong><\/strong><\/h2>\n<h2><strong><\/strong><\/h2>\n<h2><b>EUGENIA ZUNINO<\/b><\/h2>\n<p><strong>Email:<\/strong>\u00a0ezunino@fargosi.com.ar<\/p>\n<p><strong>Tel.:<\/strong> +54 11 7700 0029<\/p>\n<p>&nbsp;<\/p>\n<p>[\/et_pb_text][\/et_pb_column][\/et_pb_row][et_pb_row column_structure=\u00bb1_4,3_4&#8243; admin_label=\u00bbOur Process Area\u00bb _builder_version=\u00bb3.25&#8243; min_height=\u00bb124px\u00bb custom_margin=\u00bb34px|auto||auto||\u00bb custom_padding=\u00bb14px|0px|60px|0px||\u00bb border_color_all=\u00bbrgba(51,51,51,0.12)\u00bb border_width_top=\u00bb1px\u00bb][et_pb_column type=\u00bb1_4&#8243; _builder_version=\u00bb3.25&#8243; custom_padding=\u00bb|||\u00bb custom_padding__hover=\u00bb|||\u00bb][et_pb_text admin_label=\u00bbTitle\u00bb _builder_version=\u00bb4.0.2&#8243; text_font=\u00bb||||||||\u00bb header_font=\u00bb||||||||\u00bb header_3_font=\u00bbRoboto Slab||||||||\u00bb header_3_line_height=\u00bb2em\u00bb animation_style=\u00bbfold\u00bb animation_direction=\u00bbleft\u00bb animation_intensity_fold=\u00bb5%\u00bb]<\/p>\n<h3>Perfil<\/h3>\n<p>[\/et_pb_text][\/et_pb_column][et_pb_column type=\u00bb3_4&#8243; _builder_version=\u00bb3.25&#8243; custom_padding=\u00bb|||\u00bb custom_padding__hover=\u00bb|||\u00bb][et_pb_blurb icon_placement=\u00bbleft\u00bb content_max_width=\u00bb1100px\u00bb _builder_version=\u00bb4.7.7&#8243; header_font=\u00bb||||||||\u00bb header_font_size=\u00bb16px\u00bb header_line_height=\u00bb2em\u00bb body_font=\u00bb||||||||\u00bb body_text_align=\u00bbjustify\u00bb width=\u00bb100%\u00bb max_width=\u00bb100%\u00bb min_height=\u00bb100px\u00bb max_height=\u00bb1000px\u00bb custom_margin=\u00bb1px||0px||false|false\u00bb custom_padding=\u00bb8px|||0px||\u00bb animation_style=\u00bbfade\u00bb]<\/p>\n<h4 style=\"text-align: justify;\">Eugenia junto con Luisa lideran el \u00e1rea de derecho del consumidor y derecho del turismo.\u00a0<\/h4>\n<p>[\/et_pb_blurb][\/et_pb_column][\/et_pb_row][et_pb_row column_structure=\u00bb1_4,3_4&#8243; admin_label=\u00bbOur Process Area\u00bb _builder_version=\u00bb3.25&#8243; min_height=\u00bb318.4px\u00bb custom_padding=\u00bb60px|0px|60px|0px\u00bb border_color_all=\u00bbrgba(51,51,51,0.12)\u00bb border_width_top=\u00bb1px\u00bb][et_pb_column type=\u00bb1_4&#8243; _builder_version=\u00bb3.25&#8243; custom_padding=\u00bb|||\u00bb custom_padding__hover=\u00bb|||\u00bb][et_pb_text admin_label=\u00bbTitle\u00bb _builder_version=\u00bb4.0.2&#8243; text_font=\u00bb||||||||\u00bb header_font=\u00bb||||||||\u00bb header_3_font=\u00bbRoboto Slab||||||||\u00bb header_3_line_height=\u00bb2em\u00bb animation_style=\u00bbfold\u00bb animation_direction=\u00bbleft\u00bb animation_intensity_fold=\u00bb5%\u00bb]<\/p>\n<h3>Areas de Pr\u00e1ctica<\/h3>\n<p>[\/et_pb_text][\/et_pb_column][et_pb_column type=\u00bb3_4&#8243; _builder_version=\u00bb3.25&#8243; custom_padding=\u00bb|||\u00bb custom_padding__hover=\u00bb|||\u00bb][et_pb_blurb title=\u00bbDerecho del turismo\u00bb use_icon=\u00bbon\u00bb font_icon=\u00bb%%54%%\u00bb icon_placement=\u00bbleft\u00bb content_max_width=\u00bb800px\u00bb use_icon_font_size=\u00bbon\u00bb icon_font_size=\u00bb32px\u00bb _builder_version=\u00bb4.7.7&#8243; header_font=\u00bb||||||||\u00bb header_font_size=\u00bb16px\u00bb header_line_height=\u00bb2em\u00bb body_font=\u00bb||||||||\u00bb min_height=\u00bb40px\u00bb custom_margin=\u00bb||0px|\u00bb custom_padding=\u00bb0px|||||\u00bb animation_style=\u00bbfade\u00bb]<\/p>\n<h4><\/h4>\n<p>[\/et_pb_blurb][et_pb_blurb title=\u00bbDerecho del consumidor\u00bb use_icon=\u00bbon\u00bb font_icon=\u00bb%%54%%\u00bb icon_color=\u00bb#7ebec5&#8243; icon_placement=\u00bbleft\u00bb content_max_width=\u00bb800px\u00bb use_icon_font_size=\u00bbon\u00bb icon_font_size=\u00bb32px\u00bb _builder_version=\u00bb4.7.7&#8243; header_font=\u00bb||||||||\u00bb header_font_size=\u00bb16px\u00bb header_line_height=\u00bb2em\u00bb body_font=\u00bb||||||||\u00bb custom_margin=\u00bb||0px|\u00bb custom_padding=\u00bb|||\u00bb animation_style=\u00bbfade\u00bb]<\/p>\n<h4><\/h4>\n<p>[\/et_pb_blurb][et_pb_blurb title=\u00bbCivil y Comercial \u00bb use_icon=\u00bbon\u00bb font_icon=\u00bb%%54%%\u00bb icon_color=\u00bb#7ebec5&#8243; icon_placement=\u00bbleft\u00bb content_max_width=\u00bb800px\u00bb use_icon_font_size=\u00bbon\u00bb icon_font_size=\u00bb32px\u00bb _builder_version=\u00bb4.7.7&#8243; header_font=\u00bb||||||||\u00bb header_font_size=\u00bb16px\u00bb header_line_height=\u00bb2em\u00bb body_font=\u00bb||||||||\u00bb custom_margin=\u00bb||0px|\u00bb custom_padding=\u00bb|||\u00bb animation_style=\u00bbfade\u00bb locked=\u00bboff\u00bb]<\/p>\n<h4><\/h4>\n<p>[\/et_pb_blurb][et_pb_blurb title=\u00bbDerecho de Familia \u00bb use_icon=\u00bbon\u00bb font_icon=\u00bb%%54%%\u00bb icon_color=\u00bb#7ebec5&#8243; icon_placement=\u00bbleft\u00bb content_max_width=\u00bb800px\u00bb use_icon_font_size=\u00bbon\u00bb icon_font_size=\u00bb32px\u00bb _builder_version=\u00bb4.7.7&#8243; header_font=\u00bb||||||||\u00bb header_font_size=\u00bb16px\u00bb header_line_height=\u00bb2em\u00bb body_font=\u00bb||||||||\u00bb custom_margin=\u00bb||0px|\u00bb custom_padding=\u00bb|||\u00bb animation_style=\u00bbfade\u00bb locked=\u00bboff\u00bb]<\/p>\n<h4><\/h4>\n<p>[\/et_pb_blurb][et_pb_blurb title=\u00bbSucesi\u00f3n \u00bb use_icon=\u00bbon\u00bb font_icon=\u00bb%%54%%\u00bb icon_color=\u00bb#7ebec5&#8243; icon_placement=\u00bbleft\u00bb content_max_width=\u00bb800px\u00bb use_icon_font_size=\u00bbon\u00bb icon_font_size=\u00bb32px\u00bb _builder_version=\u00bb4.7.7&#8243; header_font=\u00bb||||||||\u00bb header_font_size=\u00bb16px\u00bb header_line_height=\u00bb2em\u00bb body_font=\u00bb||||||||\u00bb custom_margin=\u00bb||0px|\u00bb custom_padding=\u00bb|||\u00bb animation_style=\u00bbfade\u00bb locked=\u00bboff\u00bb]<\/p>\n<h4><\/h4>\n<p>[\/et_pb_blurb][\/et_pb_column][\/et_pb_row][et_pb_row column_structure=\u00bb1_4,3_4&#8243; admin_label=\u00bbOur Process Area\u00bb _builder_version=\u00bb3.25&#8243; min_height=\u00bb378.1px\u00bb custom_margin=\u00bb|auto|-6px|auto||\u00bb custom_padding=\u00bb60px|0px|60px|0px\u00bb border_color_all=\u00bbrgba(51,51,51,0.12)\u00bb border_width_top=\u00bb1px\u00bb][et_pb_column type=\u00bb1_4&#8243; _builder_version=\u00bb3.25&#8243; custom_padding=\u00bb|||\u00bb custom_padding__hover=\u00bb|||\u00bb][et_pb_text admin_label=\u00bbTitle\u00bb _builder_version=\u00bb4.0.2&#8243; text_font=\u00bb||||||||\u00bb header_font=\u00bb||||||||\u00bb header_3_font=\u00bbRoboto Slab||||||||\u00bb header_3_line_height=\u00bb2em\u00bb width=\u00bb100%\u00bb custom_padding=\u00bb|0px||||\u00bb animation_style=\u00bbfold\u00bb animation_direction=\u00bbleft\u00bb animation_intensity_fold=\u00bb5%\u00bb]<\/p>\n<h3>Experiencia Profesional<\/h3>\n<p>[\/et_pb_text][\/et_pb_column][et_pb_column type=\u00bb3_4&#8243; _builder_version=\u00bb3.25&#8243; custom_padding=\u00bb|||\u00bb custom_padding__hover=\u00bb|||\u00bb][et_pb_blurb title=\u00bbFARGOSI ABOGADOS SA \u00bb use_icon=\u00bbon\u00bb font_icon=\u00bb%%54%%\u00bb icon_placement=\u00bbleft\u00bb content_max_width=\u00bb800px\u00bb _builder_version=\u00bb4.7.7&#8243; header_font=\u00bb||||||||\u00bb header_font_size=\u00bb16px\u00bb header_line_height=\u00bb2em\u00bb body_font=\u00bb||||||||\u00bb min_height=\u00bb86px\u00bb custom_margin=\u00bb||0px|\u00bb custom_padding=\u00bb9px||0px|0px||\u00bb animation_style=\u00bbfade\u00bb]<\/p>\n<p>ABOGADA<\/p>\n<p>[\/et_pb_blurb][et_pb_blurb title=\u00bbHONORABLE CAMARA DE SENADORES DE LA PROVINCIA DE BUENOS AIRES\u00bb use_icon=\u00bbon\u00bb font_icon=\u00bb%%54%%\u00bb icon_placement=\u00bbleft\u00bb content_max_width=\u00bb800px\u00bb _builder_version=\u00bb4.7.7&#8243; header_font=\u00bb||||||||\u00bb header_font_size=\u00bb16px\u00bb header_line_height=\u00bb2em\u00bb body_font=\u00bb||||||||\u00bb min_height=\u00bb86px\u00bb custom_margin=\u00bb||0px|\u00bb custom_padding=\u00bb9px||0px|0px||\u00bb animation_style=\u00bbfade\u00bb]<\/p>\n<p>ABOGADA<\/p>\n<p>[\/et_pb_blurb][\/et_pb_column][\/et_pb_row][et_pb_row column_structure=\u00bb1_4,3_4&#8243; admin_label=\u00bbOur Process Area\u00bb _builder_version=\u00bb3.25&#8243; min_height=\u00bb209px\u00bb custom_padding=\u00bb60px|0px|60px|0px\u00bb border_color_all=\u00bbrgba(51,51,51,0.12)\u00bb border_width_top=\u00bb1px\u00bb][et_pb_column type=\u00bb1_4&#8243; _builder_version=\u00bb3.25&#8243; custom_padding=\u00bb|||\u00bb custom_padding__hover=\u00bb|||\u00bb][et_pb_text admin_label=\u00bbTitle\u00bb _builder_version=\u00bb4.0.2&#8243; text_font=\u00bb||||||||\u00bb header_font=\u00bb||||||||\u00bb header_3_font=\u00bbRoboto Slab||||||||\u00bb header_3_line_height=\u00bb2em\u00bb width=\u00bb100%\u00bb custom_padding=\u00bb|0px||||\u00bb animation_style=\u00bbfold\u00bb animation_direction=\u00bbleft\u00bb animation_intensity_fold=\u00bb5%\u00bb]<\/p>\n<h3>Formaci\u00f3n<\/h3>\n<p>[\/et_pb_text][\/et_pb_column][et_pb_column type=\u00bb3_4&#8243; _builder_version=\u00bb3.25&#8243; custom_padding=\u00bb|||\u00bb custom_padding__hover=\u00bb|||\u00bb][et_pb_blurb title=\u00bbUNIVERSIDAD NACIONAL DE LA PLATA , Abogada\u00bb use_icon=\u00bbon\u00bb font_icon=\u00bb%%54%%\u00bb icon_placement=\u00bbleft\u00bb content_max_width=\u00bb800px\u00bb _builder_version=\u00bb4.7.7&#8243; header_font=\u00bb||||||||\u00bb header_font_size=\u00bb16px\u00bb header_line_height=\u00bb2em\u00bb body_font=\u00bb||||||||\u00bb min_height=\u00bb22px\u00bb custom_margin=\u00bb||0px|\u00bb custom_padding=\u00bb0px|||0px||\u00bb animation_style=\u00bbfade\u00bb][\/et_pb_blurb][et_pb_blurb title=\u00bbUNIVERSIDAD NACIONAL DE LA PLATA \u00bb use_icon=\u00bbon\u00bb font_icon=\u00bb%%54%%\u00bb icon_placement=\u00bbleft\u00bb content_max_width=\u00bb800px\u00bb _builder_version=\u00bb4.7.7&#8243; header_font=\u00bb||||||||\u00bb header_font_size=\u00bb16px\u00bb header_line_height=\u00bb2em\u00bb body_font=\u00bb||||||||\u00bb min_height=\u00bb22px\u00bb custom_margin=\u00bb||0px|\u00bb custom_padding=\u00bb0px|||0px||\u00bb animation_style=\u00bbfade\u00bb]<\/p>\n<p>Reconstrucci\u00f3n de problemas de investigacion socio juridica<\/p>\n<p>[\/et_pb_blurb][et_pb_blurb title=\u00bbINSTITUTO SIJUSU\u00bb use_icon=\u00bbon\u00bb font_icon=\u00bb%%54%%\u00bb icon_placement=\u00bbleft\u00bb content_max_width=\u00bb800px\u00bb _builder_version=\u00bb4.7.7&#8243; header_font=\u00bb||||||||\u00bb header_font_size=\u00bb16px\u00bb header_line_height=\u00bb2em\u00bb body_font=\u00bb||||||||\u00bb min_height=\u00bb22px\u00bb custom_margin=\u00bb||0px|\u00bb custom_padding=\u00bb0px|||0px||\u00bb animation_style=\u00bbfade\u00bb]<\/p>\n<p>Derecho Alimentario\u00a0<\/p>\n<p>Formacion te\u00f3rica y pr\u00e1ctica de la accion pol\u00edtica\u00a0<\/p>\n<p>[\/et_pb_blurb][et_pb_blurb title=\u00bbUNIVERSIDAD NACIONAL DE BUENOS AIRES\u00bb use_icon=\u00bbon\u00bb font_icon=\u00bb%%54%%\u00bb icon_placement=\u00bbleft\u00bb content_max_width=\u00bb800px\u00bb _builder_version=\u00bb4.7.7&#8243; header_font=\u00bb||||||||\u00bb header_font_size=\u00bb16px\u00bb header_line_height=\u00bb2em\u00bb body_font=\u00bb||||||||\u00bb min_height=\u00bb22px\u00bb custom_margin=\u00bb||0px|\u00bb custom_padding=\u00bb0px|||0px||\u00bb animation_style=\u00bbfade\u00bb]<\/p>\n<p>Impacto de nuevos modelos familiares en el r\u00e9gimen comunicacional\u00a0<\/p>\n<p>Inicios del proceso Civil y Comercial\u00a0<\/p>\n<p>[\/et_pb_blurb][et_pb_blurb title=\u00bbGRUPO PROFESSIONAL \u00bb use_icon=\u00bbon\u00bb font_icon=\u00bb%%54%%\u00bb icon_placement=\u00bbleft\u00bb content_max_width=\u00bb800px\u00bb _builder_version=\u00bb4.7.7&#8243; header_font=\u00bb||||||||\u00bb header_font_size=\u00bb16px\u00bb header_line_height=\u00bb2em\u00bb body_font=\u00bb||||||||\u00bb min_height=\u00bb94.6px\u00bb custom_margin=\u00bb||0px|\u00bb custom_padding=\u00bb0px|||0px||\u00bb animation_style=\u00bbfade\u00bb]<\/p>\n<p>Seminario \u00abEl consumidor A\u00e9reo\u00bb\u00a0<\/p>\n<p>&nbsp;<\/p>\n<p>[\/et_pb_blurb][et_pb_blurb title=\u00bbUNIVERSIDAD NACIONAL DE BUENOS AIRES \u00bb use_icon=\u00bbon\u00bb font_icon=\u00bb%%54%%\u00bb icon_placement=\u00bbleft\u00bb content_max_width=\u00bb800px\u00bb _builder_version=\u00bb4.7.7&#8243; header_font=\u00bb||||||||\u00bb header_font_size=\u00bb16px\u00bb header_line_height=\u00bb2em\u00bb body_font=\u00bb||||||||\u00bb min_height=\u00bb22px\u00bb custom_margin=\u00bb-30px||0px||false|false\u00bb custom_padding=\u00bb0px|||0px||\u00bb animation_style=\u00bbfade\u00bb]<\/p>\n<p>Procesos sucesorios y acciones sucesorias\u00a0<\/p>\n<p>&nbsp;<\/p>\n<p>[\/et_pb_blurb][\/et_pb_column][\/et_pb_row][\/et_pb_section][et_pb_section fb_built=\u00bb1&#8243; inner_shadow=\u00bbon\u00bb admin_label=\u00bbClient Feedback Section\u00bb _builder_version=\u00bb4.7.7&#8243; use_background_color_gradient=\u00bbon\u00bb background_color_gradient_start=\u00bb#ffffff\u00bb background_color_gradient_end=\u00bb#5a86a8&#8243; background_color_gradient_type=\u00bbradial\u00bb background_color_gradient_direction_radial=\u00bbtop left\u00bb background_color_gradient_start_position=\u00bb47%\u00bb min_height=\u00bb130px\u00bb height=\u00bb148px\u00bb custom_margin=\u00bb15px||36px||false|false\u00bb custom_padding=\u00bb0px||160px||false|false\u00bb saved_tabs=\u00bball\u00bb][et_pb_row column_structure=\u00bb1_3,1_3,1_3&#8243; _builder_version=\u00bb4.0.2&#8243; width=\u00bb83.3%\u00bb min_height=\u00bb82px\u00bb custom_margin=\u00bb2px|auto||auto||\u00bb][et_pb_column type=\u00bb1_3&#8243; _builder_version=\u00bb4.0.2&#8243; background_enable_image=\u00bboff\u00bb background_size=\u00bbinitial\u00bb background_position=\u00bbcenter_left\u00bb][et_pb_image src=\u00bbhttps:\/\/fargosi.com.ar\/wp-content\/uploads\/2021\/12\/LOGO..jpg\u00bb title_text=\u00bbLOGO.\u00bb _builder_version=\u00bb4.7.7&#8243; custom_margin=\u00bb|118px||||\u00bb][\/et_pb_image][\/et_pb_column][et_pb_column type=\u00bb1_3&#8243; _builder_version=\u00bb4.0.2&#8243;][et_pb_text _builder_version=\u00bb4.7.7&#8243; text_font=\u00bb|700|||||||\u00bb text_line_height=\u00bb0.5em\u00bb link_option_url=\u00bbhttps:\/\/www.google.com.ar\/maps\/place\/Carabelas+344,+C1035+CABA\/@-34.6046155,-58.3826274,17z\/data=!3m1!4b1!4m5!3m4!1s0x95bccacf007d066f:0x27fc7d1d6516a6f7!8m2!3d-34.6046199!4d-58.3804387&#8243; link_option_url_new_window=\u00bbon\u00bb]<\/p>\n<p>Suipacha 1111, 27\u00b0<\/p>\n<p>C1008AAD<\/p>\n<p>Ciudad de Buenos Aires<\/p>\n<p>Argentina<\/p>\n<p>TeL. 54 11 7700 0029<\/p>\n<p><a href=\"mailto:estudio@fargosi.com.ar\">estudio@fargosi.com.ar<\/a><\/p>\n<p>[\/et_pb_text][\/et_pb_column][et_pb_column type=\u00bb1_3&#8243; _builder_version=\u00bb4.0.2&#8243;][\/et_pb_column][\/et_pb_row][\/et_pb_section]<\/p>\n","protected":false},"excerpt":{"rendered":"<p>[et_pb_section fb_built=\u00bb1&#8243; admin_label=\u00bbProject Analysis Section\u00bb _builder_version=\u00bb3.22&#8243; min_height=\u00bb1670px\u00bb custom_padding=\u00bb90px||90px|\u00bb][et_pb_row column_structure=\u00bb1_4,3_4&#8243; admin_label=\u00bbProject Analysis Area\u00bb _builder_version=\u00bb3.25&#8243; width=\u00bb88.5%\u00bb min_height=\u00bb452px\u00bb custom_margin=\u00bb-79px|auto|-126px|auto||\u00bb custom_padding=\u00bb60px|0px|111px|0px||\u00bb border_color_all=\u00bbrgba(51,51,51,0.12)\u00bb border_width_top=\u00bb1px\u00bb][et_pb_column type=\u00bb1_4&#8243; _builder_version=\u00bb3.25&#8243; custom_padding=\u00bb|||\u00bb custom_padding__hover=\u00bb|||\u00bb][et_pb_image src=\u00bbhttps:\/\/fargosi.com.ar\/wp-content\/uploads\/2022\/05\/EUGENIA-PAGINA.jpg\u00bb title_text=\u00bbEUGENIA PAGINA\u00bb _builder_version=\u00bb4.7.7&#8243; _module_preset=\u00bbdefault\u00bb transform_translate=\u00bb84px|-12px\u00bb border_radii=\u00bbon|27px|27px|27px|27px\u00bb][\/et_pb_image][\/et_pb_column][et_pb_column type=\u00bb3_4&#8243; _builder_version=\u00bb3.25&#8243; custom_padding=\u00bb|||\u00bb custom_padding__hover=\u00bb|||\u00bb][et_pb_text _builder_version=\u00bb4.0.2&#8243; text_font=\u00bb||||||||\u00bb text_font_size=\u00bb16px\u00bb text_line_height=\u00bb1.5em\u00bb width=\u00bb91.9%\u00bb min_height=\u00bb211px\u00bb custom_margin=\u00bb|-67px|24px|-2px||\u00bb custom_padding=\u00bb|0px||80px||\u00bb animation_style=\u00bbfade\u00bb] EUGENIA ZUNINO Email:\u00a0ezunino@fargosi.com.ar Tel.: +54 11 7700 0029 &nbsp; [\/et_pb_text][\/et_pb_column][\/et_pb_row][et_pb_row column_structure=\u00bb1_4,3_4&#8243; admin_label=\u00bbOur [&hellip;]<\/p>\n","protected":false},"author":10,"featured_media":0,"parent":0,"menu_order":0,"comment_status":"closed","ping_status":"closed","template":"","meta":{"_et_pb_use_builder":"on","_et_pb_old_content":"","_et_gb_content_width":"","footnotes":""},"class_list":["post-2014","page","type-page","status-publish","hentry"],"_links":{"self":[{"href":"https:\/\/fargosi.com.ar\/en\/wp-json\/wp\/v2\/pages\/2014","targetHints":{"allow":["GET"]}}],"collection":[{"href":"https:\/\/fargosi.com.ar\/en\/wp-json\/wp\/v2\/pages"}],"about":[{"href":"https:\/\/fargosi.com.ar\/en\/wp-json\/wp\/v2\/types\/page"}],"author":[{"embeddable":true,"href":"https:\/\/fargosi.com.ar\/en\/wp-json\/wp\/v2\/users\/10"}],"replies":[{"embeddable":true,"href":"https:\/\/fargosi.com.ar\/en\/wp-json\/wp\/v2\/comments?post=2014"}],"version-history":[{"count":1,"href":"https:\/\/fargosi.com.ar\/en\/wp-json\/wp\/v2\/pages\/2014\/revisions"}],"predecessor-version":[{"id":2889,"href":"https:\/\/fargosi.com.ar\/en\/wp-json\/wp\/v2\/pages\/2014\/revisions\/2889"}],"wp:attachment":[{"href":"https:\/\/fargosi.com.ar\/en\/wp-json\/wp\/v2\/media?parent=2014"}],"curies":[{"name":"wp","href":"https:\/\/api.w.org\/{rel}","templated":true}]}}